{"id":86,"date":"2026-03-29T00:15:24","date_gmt":"2026-03-29T00:15:24","guid":{"rendered":"https:\/\/visualeventos.com.ar\/index.php\/home\/"},"modified":"2026-03-29T00:38:03","modified_gmt":"2026-03-29T00:38:03","slug":"home","status":"publish","type":"page","link":"https:\/\/visualeventos.com.ar\/","title":{"rendered":"Home"},"content":{"rendered":"\t\t<div data-elementor-type=\"wp-page\" data-elementor-id=\"86\" class=\"elementor elementor-86\">\n\t\t\t\t<div class=\"elementor-element elementor-element-d5cfde3 e-flex e-con-boxed e-con e-parent\" data-id=\"d5cfde3\" data-element_type=\"container\" data-e-type=\"container\" data-settings=\"{&quot;background_background&quot;:&quot;classic&quot;}\">\n\t\t\t\t\t<div class=\"e-con-inner\">\n\t\t\t\t<div class=\"elementor-element elementor-element-3ecd55be elementor-invisible elementor-widget elementor-widget-heading\" data-id=\"3ecd55be\" data-element_type=\"widget\" data-e-type=\"widget\" data-settings=\"{&quot;_animation&quot;:&quot;fadeIn&quot;}\" data-widget_type=\"heading.default\">\n\t\t\t\t\t<h1 class=\"elementor-heading-title elementor-size-default\">Los mejores momentos deben ser recordados<\/h1>\t\t\t\t<\/div>\n\t\t\t\t<div class=\"elementor-element elementor-element-32b3f1bc elementor-invisible elementor-widget elementor-widget-heading\" data-id=\"32b3f1bc\" data-element_type=\"widget\" data-e-type=\"widget\" data-settings=\"{&quot;_animation&quot;:&quot;fadeIn&quot;}\" data-widget_type=\"heading.default\">\n\t\t\t\t\t<h5 class=\"elementor-heading-title elementor-size-default\">Quienes somos<\/h5>\t\t\t\t<\/div>\n\t\t\t\t<div class=\"elementor-element elementor-element-2a921c06 elementor-align-center elementor-invisible elementor-widget elementor-widget-button\" data-id=\"2a921c06\" data-element_type=\"widget\" data-e-type=\"widget\" data-settings=\"{&quot;_animation&quot;:&quot;fadeIn&quot;,&quot;_animation_delay&quot;:400}\" data-widget_type=\"button.default\">\n\t\t\t\t\t\t\t\t\t\t<a class=\"elementor-button elementor-size-sm\" role=\"button\">\n\t\t\t\t\t\t<span class=\"elementor-button-content-wrapper\">\n\t\t\t\t\t\t\t\t\t<span class=\"elementor-button-text\">Contact us<\/span>\n\t\t\t\t\t<\/span>\n\t\t\t\t\t<\/a>\n\t\t\t\t\t\t\t\t<\/div>\n\t\t\t\t\t<\/div>\n\t\t\t\t<\/div>\n\t\t<div class=\"elementor-element elementor-element-76b52626 e-flex e-con-boxed e-con e-parent\" data-id=\"76b52626\" data-element_type=\"container\" data-e-type=\"container\">\n\t\t\t\t\t<div class=\"e-con-inner\">\n\t\t\t\t<div class=\"elementor-element elementor-element-30e5297 elementor-widget elementor-widget-heading\" data-id=\"30e5297\" data-element_type=\"widget\" data-e-type=\"widget\" data-widget_type=\"heading.default\">\n\t\t\t\t\t<h2 class=\"elementor-heading-title elementor-size-default\">Nuestros Servicios<\/h2>\t\t\t\t<\/div>\n\t\t\t\t<div class=\"elementor-element elementor-element-ccbb979 elementor-widget elementor-widget-heading\" data-id=\"ccbb979\" data-element_type=\"widget\" data-e-type=\"widget\" data-widget_type=\"heading.default\">\n\t\t\t\t\t<h5 class=\"elementor-heading-title elementor-size-default\">Tecnolog\u00eda calidad y precio <\/h5>\t\t\t\t<\/div>\n\t\t<div class=\"elementor-element elementor-element-b2d7dbe e-con-full e-flex e-con e-child\" data-id=\"b2d7dbe\" data-element_type=\"container\" data-e-type=\"container\">\n\t\t\t\t<div class=\"elementor-element elementor-element-43ed2439 elementor-widget-tablet__width-initial elementor-widget-mobile__width-inherit elementor-widget__width-initial elementor-position-top elementor-widget elementor-widget-image-box\" data-id=\"43ed2439\" data-element_type=\"widget\" data-e-type=\"widget\" data-widget_type=\"image-box.default\">\n\t\t\t\t\t<div class=\"elementor-image-box-wrapper\"><figure class=\"elementor-image-box-img\"><img fetchpriority=\"high\" decoding=\"async\" width=\"1408\" height=\"768\" src=\"https:\/\/visualeventos.com.ar\/wp-content\/uploads\/2026\/03\/image_b65e3660.png\" class=\"elementor-animation-grow attachment-full size-full wp-image-109\" alt=\"\" srcset=\"https:\/\/visualeventos.com.ar\/wp-content\/uploads\/2026\/03\/image_b65e3660.png 1408w, https:\/\/visualeventos.com.ar\/wp-content\/uploads\/2026\/03\/image_b65e3660-300x164.png 300w, https:\/\/visualeventos.com.ar\/wp-content\/uploads\/2026\/03\/image_b65e3660-1024x559.png 1024w, https:\/\/visualeventos.com.ar\/wp-content\/uploads\/2026\/03\/image_b65e3660-768x419.png 768w\" sizes=\"(max-width: 1408px) 100vw, 1408px\" \/><\/figure><div class=\"elementor-image-box-content\"><h4 class=\"elementor-image-box-title\">Plataforma 360<\/h4><p class=\"elementor-image-box-description\">\u00a1Dale un giro a tu evento! \ud83d\ude80 Videos 360 en slow motion listos para compartir. \ud83d\udcf8\u2728<\/p><\/div><\/div>\t\t\t\t<\/div>\n\t\t\t\t<div class=\"elementor-element elementor-element-3afe9b04 elementor-widget-tablet__width-initial elementor-widget-mobile__width-inherit elementor-widget__width-initial elementor-position-top elementor-widget elementor-widget-image-box\" data-id=\"3afe9b04\" data-element_type=\"widget\" data-e-type=\"widget\" data-widget_type=\"image-box.default\">\n\t\t\t\t\t<div class=\"elementor-image-box-wrapper\"><figure class=\"elementor-image-box-img\"><img decoding=\"async\" width=\"1408\" height=\"768\" src=\"https:\/\/visualeventos.com.ar\/wp-content\/uploads\/2026\/03\/image_fdfbc188.png\" class=\"elementor-animation-grow attachment-full size-full wp-image-110\" alt=\"\" srcset=\"https:\/\/visualeventos.com.ar\/wp-content\/uploads\/2026\/03\/image_fdfbc188.png 1408w, https:\/\/visualeventos.com.ar\/wp-content\/uploads\/2026\/03\/image_fdfbc188-300x164.png 300w, https:\/\/visualeventos.com.ar\/wp-content\/uploads\/2026\/03\/image_fdfbc188-1024x559.png 1024w, https:\/\/visualeventos.com.ar\/wp-content\/uploads\/2026\/03\/image_fdfbc188-768x419.png 768w\" sizes=\"(max-width: 1408px) 100vw, 1408px\" \/><\/figure><div class=\"elementor-image-box-content\"><h4 class=\"elementor-image-box-title\">Espejo Magico<\/h4><p class=\"elementor-image-box-description\">\u00a1Refleja la diversi\u00f3n! \ud83e\ude9e\u2728 Fotos impresas y personalizadas en tu evento. \ud83d\udcf8\ud83d\udd25<\/p><\/div><\/div>\t\t\t\t<\/div>\n\t\t\t\t<div class=\"elementor-element elementor-element-4013ea92 elementor-widget-tablet__width-initial elementor-widget-mobile__width-inherit elementor-widget__width-initial elementor-position-top elementor-widget elementor-widget-image-box\" data-id=\"4013ea92\" data-element_type=\"widget\" data-e-type=\"widget\" data-widget_type=\"image-box.default\">\n\t\t\t\t\t<div class=\"elementor-image-box-wrapper\"><figure class=\"elementor-image-box-img\"><img decoding=\"async\" width=\"1408\" height=\"768\" src=\"https:\/\/visualeventos.com.ar\/wp-content\/uploads\/2026\/03\/image_5a1a45e4.png\" class=\"elementor-animation-grow attachment-full size-full wp-image-111\" alt=\"\" srcset=\"https:\/\/visualeventos.com.ar\/wp-content\/uploads\/2026\/03\/image_5a1a45e4.png 1408w, https:\/\/visualeventos.com.ar\/wp-content\/uploads\/2026\/03\/image_5a1a45e4-300x164.png 300w, https:\/\/visualeventos.com.ar\/wp-content\/uploads\/2026\/03\/image_5a1a45e4-1024x559.png 1024w, https:\/\/visualeventos.com.ar\/wp-content\/uploads\/2026\/03\/image_5a1a45e4-768x419.png 768w\" sizes=\"(max-width: 1408px) 100vw, 1408px\" \/><\/figure><div class=\"elementor-image-box-content\"><h4 class=\"elementor-image-box-title\">Fotografia<\/h4><p class=\"elementor-image-box-description\">\u00a1Captura la magia! \ud83d\udcf8\u2728 Fotos profesionales que cuentan tu historia hoy. \ud83c\udf9e\ufe0f\ud83d\udd25<\/p><\/div><\/div>\t\t\t\t<\/div>\n\t\t\t\t<div class=\"elementor-element elementor-element-580d492f elementor-widget-tablet__width-initial elementor-widget-mobile__width-inherit elementor-widget__width-initial elementor-position-top elementor-widget elementor-widget-image-box\" data-id=\"580d492f\" data-element_type=\"widget\" data-e-type=\"widget\" data-widget_type=\"image-box.default\">\n\t\t\t\t\t<div class=\"elementor-image-box-wrapper\"><figure class=\"elementor-image-box-img\"><img loading=\"lazy\" decoding=\"async\" width=\"1408\" height=\"768\" src=\"https:\/\/visualeventos.com.ar\/wp-content\/uploads\/2026\/03\/image_d2e04cfc.png\" class=\"elementor-animation-grow attachment-full size-full wp-image-113\" alt=\"\" srcset=\"https:\/\/visualeventos.com.ar\/wp-content\/uploads\/2026\/03\/image_d2e04cfc.png 1408w, https:\/\/visualeventos.com.ar\/wp-content\/uploads\/2026\/03\/image_d2e04cfc-300x164.png 300w, https:\/\/visualeventos.com.ar\/wp-content\/uploads\/2026\/03\/image_d2e04cfc-1024x559.png 1024w, https:\/\/visualeventos.com.ar\/wp-content\/uploads\/2026\/03\/image_d2e04cfc-768x419.png 768w\" sizes=\"(max-width: 1408px) 100vw, 1408px\" \/><\/figure><div class=\"elementor-image-box-content\"><h4 class=\"elementor-image-box-title\">Video<\/h4><p class=\"elementor-image-box-description\">\u00a1Revive cada momento! \ud83c\udfa5\u2728 Video profesional que captura la esencia de tu evento. \ud83d\udd25\ud83c\udf9e\ufe0f<\/p><\/div><\/div>\t\t\t\t<\/div>\n\t\t\t\t<\/div>\n\t\t\t\t<div class=\"elementor-element elementor-element-33e86e03 elementor-align-center elementor-widget__width-inherit elementor-invisible elementor-widget elementor-widget-button\" data-id=\"33e86e03\" data-element_type=\"widget\" data-e-type=\"widget\" data-settings=\"{&quot;_animation&quot;:&quot;fadeInDown&quot;}\" data-widget_type=\"button.default\">\n\t\t\t\t\t\t\t\t\t\t<a class=\"elementor-button elementor-size-sm\" role=\"button\">\n\t\t\t\t\t\t<span class=\"elementor-button-content-wrapper\">\n\t\t\t\t\t\t\t\t\t<span class=\"elementor-button-text\">View all services<\/span>\n\t\t\t\t\t<\/span>\n\t\t\t\t\t<\/a>\n\t\t\t\t\t\t\t\t<\/div>\n\t\t\t\t\t<\/div>\n\t\t\t\t<\/div>\n\t\t<div class=\"elementor-element elementor-element-4c3cac6b e-flex e-con-boxed e-con e-parent\" data-id=\"4c3cac6b\" data-element_type=\"container\" data-e-type=\"container\">\n\t\t\t\t\t<div class=\"e-con-inner\">\n\t\t<div class=\"elementor-element elementor-element-34530233 e-con-full e-flex e-con e-child\" data-id=\"34530233\" data-element_type=\"container\" data-e-type=\"container\" data-settings=\"{&quot;background_background&quot;:&quot;classic&quot;}\">\n\t\t\t\t<\/div>\n\t\t<div class=\"elementor-element elementor-element-38737bf9 e-con-full e-flex e-con e-child\" data-id=\"38737bf9\" data-element_type=\"container\" data-e-type=\"container\">\n\t\t\t\t<div class=\"elementor-element elementor-element-4fa4a666 elementor-widget elementor-widget-heading\" data-id=\"4fa4a666\" data-element_type=\"widget\" data-e-type=\"widget\" data-widget_type=\"heading.default\">\n\t\t\t\t\t<h2 class=\"elementor-heading-title elementor-size-default\">Acerca de nosotros<\/h2>\t\t\t\t<\/div>\n\t\t\t\t<div class=\"elementor-element elementor-element-3e691c69 elementor-widget elementor-widget-text-editor\" data-id=\"3e691c69\" data-element_type=\"widget\" data-e-type=\"widget\" data-widget_type=\"text-editor.default\">\n\t\t\t\t\t\t\t\t\t<div class=\"otQkpb\" role=\"heading\" aria-level=\"3\" data-animation-nesting=\"\" data-sfc-cp=\"\" data-sfc-root=\"c\" data-sfc-cb=\"\" data-complete=\"true\" data-processed=\"true\" data-sae=\"\"><strong class=\"Yjhzub\" data-sfc-root=\"c\" data-sfc-cb=\"\" data-complete=\"true\">Sobre Nosotros<\/strong><\/div><div class=\"Y3BBE\" data-sfc-cp=\"\" data-sfc-root=\"c\" data-sfc-cb=\"\" data-hveid=\"CAEIAxAA\" data-complete=\"true\" data-processed=\"true\">En Visual, transformamos momentos ordinarios en recuerdos extraordinarios. Somos especialistas en <strong class=\"Yjhzub\" data-sfc-root=\"c\" data-sfc-cb=\"\" data-complete=\"true\" data-processed=\"true\">capturar la esencia de tus eventos<\/strong> a trav\u00e9s de tecnolog\u00eda de vanguardia y una mirada creativa \u00fanica.<\/div><div class=\"Y3BBE\" data-sfc-cp=\"\" data-sfc-root=\"c\" data-sfc-cb=\"\" data-hveid=\"CAEIBBAA\" data-complete=\"true\" data-processed=\"true\">Nuestra misi\u00f3n es que t\u00fa y tus invitados vivan una experiencia interactiva y divertida. Por eso, ofrecemos un ecosistema visual completo: desde la adrenalina de nuestra <strong class=\"Yjhzub\" data-sfc-root=\"c\" data-sfc-cb=\"\" data-complete=\"true\" data-processed=\"true\">Plataforma 360<\/strong> y la elegancia interactiva del <strong class=\"Yjhzub\" data-sfc-root=\"c\" data-sfc-cb=\"\" data-complete=\"true\" data-processed=\"true\">Espejo M\u00e1gico<\/strong>, hasta la sensibilidad t\u00e9cnica de nuestros servicios de <strong class=\"Yjhzub\" data-sfc-root=\"c\" data-sfc-cb=\"\" data-complete=\"true\" data-processed=\"true\">Fotograf\u00eda y Filmaci\u00f3n profesional<\/strong>.<\/div><div class=\"Y3BBE\" data-sfc-cp=\"\" data-sfc-root=\"c\" data-sfc-cb=\"\" data-hveid=\"CAEIBRAA\" data-complete=\"true\" data-processed=\"true\">No solo tomamos fotos o grabamos videos; creamos contenido de alta calidad dise\u00f1ado para ser compartido y recordado. Ya sea una boda, un decimoquinto o un evento corporativo, estamos aqu\u00ed para asegurar que cada sonrisa, cada baile y cada detalle queden guardados para siempre.<\/div><div class=\"Y3BBE\" data-sfc-cp=\"\" data-sfc-root=\"c\" data-sfc-cb=\"\" data-hveid=\"CAEIBhAA\" data-complete=\"true\" data-processed=\"true\"><strong class=\"Yjhzub\" data-sfc-root=\"c\" data-sfc-cb=\"\" data-complete=\"true\" data-processed=\"true\">Tu evento merece ser visto desde todos los \u00e1ngulos. \u00a1Hag\u00e1moslo inolvidable!<\/strong><\/div><div class=\"Fsg96\" data-sfc-cp=\"\" data-sfc-root=\"c\" data-sfc-cb=\"\" data-complete=\"true\" data-processed=\"true\">\u00a0<\/div>\t\t\t\t\t\t\t\t<\/div>\n\t\t\t\t<div class=\"elementor-element elementor-element-177f164e elementor-mobile-align-center elementor-tablet-align-center elementor-invisible elementor-widget elementor-widget-button\" data-id=\"177f164e\" data-element_type=\"widget\" data-e-type=\"widget\" data-settings=\"{&quot;_animation&quot;:&quot;fadeIn&quot;}\" data-widget_type=\"button.default\">\n\t\t\t\t\t\t\t\t\t\t<a class=\"elementor-button elementor-size-sm\" role=\"button\">\n\t\t\t\t\t\t<span class=\"elementor-button-content-wrapper\">\n\t\t\t\t\t\t\t\t\t<span class=\"elementor-button-text\">Our Story<\/span>\n\t\t\t\t\t<\/span>\n\t\t\t\t\t<\/a>\n\t\t\t\t\t\t\t\t<\/div>\n\t\t\t\t<\/div>\n\t\t\t\t\t<\/div>\n\t\t\t\t<\/div>\n\t\t<div class=\"elementor-element elementor-element-2bc0ec5 e-flex e-con-boxed e-con e-parent\" data-id=\"2bc0ec5\" data-element_type=\"container\" data-e-type=\"container\">\n\t\t\t\t\t<div class=\"e-con-inner\">\n\t\t\t\t<div class=\"elementor-element elementor-element-22e59ae elementor-widget elementor-widget-image\" data-id=\"22e59ae\" data-element_type=\"widget\" data-e-type=\"widget\" data-widget_type=\"image.default\">\n\t\t\t\t\t\t\t\t\t\t\t\t\t\t\t<img decoding=\"async\" src=\"https:\/\/visualeventos.com.ar\/wp-content\/plugins\/elementor\/assets\/images\/placeholder.png\" title=\"\" alt=\"\" loading=\"lazy\" \/>\t\t\t\t\t\t\t\t\t\t\t\t\t\t\t<\/div>\n\t\t\t\t\t<\/div>\n\t\t\t\t<\/div>\n\t\t\t\t<\/div>\n\t\t","protected":false},"excerpt":{"rendered":"<p>Los mejores momentos deben ser recordados Quienes somos Contact us Nuestros Servicios Tecnolog\u00eda calidad y precio Plataforma 360 \u00a1Dale un giro a tu evento! \ud83d\ude80 Videos 360 en slow motion listos para compartir. \ud83d\udcf8\u2728 Espejo Magico \u00a1Refleja la diversi\u00f3n! \ud83e\ude9e\u2728 Fotos impresas y personalizadas en tu evento. \ud83d\udcf8\ud83d\udd25 Fotografia \u00a1Captura la magia! \ud83d\udcf8\u2728 Fotos profesionales [&hellip;]<\/p>\n","protected":false},"author":1,"featured_media":91,"parent":0,"menu_order":0,"comment_status":"closed","ping_status":"closed","template":"elementor_header_footer","meta":{"footnotes":""},"class_list":["post-86","page","type-page","status-publish","has-post-thumbnail","hentry"],"_links":{"self":[{"href":"https:\/\/visualeventos.com.ar\/index.php\/wp-json\/wp\/v2\/pages\/86","targetHints":{"allow":["GET"]}}],"collection":[{"href":"https:\/\/visualeventos.com.ar\/index.php\/wp-json\/wp\/v2\/pages"}],"about":[{"href":"https:\/\/visualeventos.com.ar\/index.php\/wp-json\/wp\/v2\/types\/page"}],"author":[{"embeddable":true,"href":"https:\/\/visualeventos.com.ar\/index.php\/wp-json\/wp\/v2\/users\/1"}],"replies":[{"embeddable":true,"href":"https:\/\/visualeventos.com.ar\/index.php\/wp-json\/wp\/v2\/comments?post=86"}],"version-history":[{"count":8,"href":"https:\/\/visualeventos.com.ar\/index.php\/wp-json\/wp\/v2\/pages\/86\/revisions"}],"predecessor-version":[{"id":117,"href":"https:\/\/visualeventos.com.ar\/index.php\/wp-json\/wp\/v2\/pages\/86\/revisions\/117"}],"wp:featuredmedia":[{"embeddable":true,"href":"https:\/\/visualeventos.com.ar\/index.php\/wp-json\/wp\/v2\/media\/91"}],"wp:attachment":[{"href":"https:\/\/visualeventos.com.ar\/index.php\/wp-json\/wp\/v2\/media?parent=86"}],"curies":[{"name":"wp","href":"https:\/\/api.w.org\/{rel}","templated":true}]}}